{"id":1230,"date":"2021-03-16T14:52:45","date_gmt":"2021-03-16T14:52:45","guid":{"rendered":"https:\/\/stage.startertemplatecloud.com\/e10\/?page_id=1230"},"modified":"2023-11-16T14:53:10","modified_gmt":"2023-11-16T14:53:10","slug":"uslugi","status":"publish","type":"page","link":"https:\/\/teamlex.pl\/index.php\/uslugi\/","title":{"rendered":"Us\u0142ugi"},"content":{"rendered":"<style>.kb-row-layout-wrap.wp-block-kadence-rowlayout.kb-row-layout-id1230_d50326-25{margin-top:0px;margin-bottom:0px;}.kb-row-layout-id1230_d50326-25 > .kt-row-column-wrap{align-content:end;}:where(.kb-row-layout-id1230_d50326-25 > .kt-row-column-wrap) > .wp-block-kadence-column{justify-content:end;}.kb-row-layout-id1230_d50326-25 > .kt-row-column-wrap{column-gap:var(--global-kb-gap-none, 0rem );row-gap:var(--global-kb-gap-none, 0rem );max-width:1242px;margin-left:auto;margin-right:auto;padding-top:0px;padding-right:0px;padding-bottom:0px;padding-left:0px;min-height:400px;grid-template-columns:repeat(2, minmax(0, 1fr));}.kb-row-layout-id1230_d50326-25{background-image:url('https:\/\/teamlex.pl\/wp-content\/uploads\/2023\/11\/uslugi.jpg');background-size:cover;background-position:center center;background-attachment:scroll;background-repeat:no-repeat;}.kb-row-layout-id1230_d50326-25 > .kt-row-layout-overlay{opacity:1;background-color:rgba(30, 45, 64, 0.3);}@media all and (max-width: 1024px){.kb-row-layout-id1230_d50326-25 > .kt-row-column-wrap{padding-right:100px;padding-left:100px;grid-template-columns:repeat(2, minmax(0, 1fr));}}@media all and (max-width: 767px){.kb-row-layout-id1230_d50326-25 > .kt-row-column-wrap{padding-top:0px;padding-right:30px;padding-bottom:0px;padding-left:30px;grid-template-columns:minmax(0, 1fr);}.kb-row-layout-id1230_d50326-25 > .kt-row-column-wrap > .wp-block-kadence-column:nth-child(1 of *:not(style)){order:2;}.kb-row-layout-id1230_d50326-25 > .kt-row-column-wrap > .wp-block-kadence-column:nth-child(2 of *:not(style)){order:1;}.kb-row-layout-id1230_d50326-25 > .kt-row-column-wrap > .wp-block-kadence-column:nth-child(3 of *:not(style)){order:12;}.kb-row-layout-id1230_d50326-25 > .kt-row-column-wrap > .wp-block-kadence-column:nth-child(4 of *:not(style)){order:11;}.kb-row-layout-id1230_d50326-25 > .kt-row-column-wrap > .wp-block-kadence-column:nth-child(5 of *:not(style)){order:22;}.kb-row-layout-id1230_d50326-25 > .kt-row-column-wrap > .wp-block-kadence-column:nth-child(6 of *:not(style)){order:21;}.kb-row-layout-id1230_d50326-25 > .kt-row-column-wrap > .wp-block-kadence-column:nth-child(7 of *:not(style)){order:32;}.kb-row-layout-id1230_d50326-25 > .kt-row-column-wrap > .wp-block-kadence-column:nth-child(8 of *:not(style)){order:31;}}<\/style><div class=\"kb-row-layout-wrap kb-row-layout-id1230_d50326-25 alignnone has-theme-palette3-background-color kt-row-has-bg wp-block-kadence-rowlayout\"><div class=\"kt-row-layout-overlay kt-row-overlay-normal\"><\/div><div class=\"kt-row-column-wrap kt-has-2-columns kt-row-layout-equal kt-tab-layout-equal kt-mobile-layout-row kt-row-valign-bottom\">\n<style>.kadence-column1230_64c616-99 > .kt-inside-inner-col{padding-top:0px;padding-right:0px;padding-bottom:0px;padding-left:30px;}.kadence-column1230_64c616-99 > .kt-inside-inner-col,.kadence-column1230_64c616-99 > .kt-inside-inner-col:before{border-top-left-radius:0px;border-top-right-radius:0px;border-bottom-right-radius:0px;border-bottom-left-radius:0px;}.kadence-column1230_64c616-99 > .kt-inside-inner-col{column-gap:var(--global-kb-gap-sm, 1rem);}.kadence-column1230_64c616-99 > .kt-inside-inner-col{flex-direction:column;}.kadence-column1230_64c616-99 > .kt-inside-inner-col > .aligncenter{width:100%;}.kadence-column1230_64c616-99 > .kt-inside-inner-col:before{opacity:0.3;}.kadence-column1230_64c616-99{position:relative;}@media all and (max-width: 1024px){.kadence-column1230_64c616-99 > .kt-inside-inner-col{flex-direction:column;justify-content:center;}}@media all and (max-width: 767px){.kadence-column1230_64c616-99 > .kt-inside-inner-col{padding-top:0px;padding-right:0px;padding-bottom:0px;padding-left:0px;flex-direction:column;justify-content:center;}}<\/style>\n<div class=\"wp-block-kadence-column kadence-column1230_64c616-99 inner-column-1\"><div class=\"kt-inside-inner-col\"><style>.wp-block-kadence-advancedheading.kt-adv-heading1230_10fd03-91, .wp-block-kadence-advancedheading.kt-adv-heading1230_10fd03-91[data-kb-block=\"kb-adv-heading1230_10fd03-91\"]{padding-bottom:20px;line-height:65px;font-style:normal;}.wp-block-kadence-advancedheading.kt-adv-heading1230_10fd03-91 mark.kt-highlight, .wp-block-kadence-advancedheading.kt-adv-heading1230_10fd03-91[data-kb-block=\"kb-adv-heading1230_10fd03-91\"] mark.kt-highlight{font-style:normal;color:#f76a0c;-webkit-box-decoration-break:clone;box-decoration-break:clone;padding-top:0px;padding-right:0px;padding-bottom:0px;padding-left:0px;}@media all and (max-width: 767px){.wp-block-kadence-advancedheading.kt-adv-heading1230_10fd03-91, .wp-block-kadence-advancedheading.kt-adv-heading1230_10fd03-91[data-kb-block=\"kb-adv-heading1230_10fd03-91\"]{font-size:var(--global-kb-font-size-xxxl, 5rem);}}<\/style>\n<h1 class=\"kt-adv-heading1230_10fd03-91 wp-block-kadence-advancedheading has-theme-palette-9-color has-text-color\" data-kb-block=\"kb-adv-heading1230_10fd03-91\">Us\u0142ugi<\/h1>\n<\/div><\/div>\n\n\n<style>.kadence-column1230_828623-2c > .kt-inside-inner-col,.kadence-column1230_828623-2c > .kt-inside-inner-col:before{border-top-left-radius:0px;border-top-right-radius:0px;border-bottom-right-radius:0px;border-bottom-left-radius:0px;}.kadence-column1230_828623-2c > .kt-inside-inner-col{column-gap:var(--global-kb-gap-sm, 1rem);}.kadence-column1230_828623-2c > .kt-inside-inner-col{flex-direction:column;}.kadence-column1230_828623-2c > .kt-inside-inner-col > .aligncenter{width:100%;}.kadence-column1230_828623-2c > .kt-inside-inner-col:before{opacity:0.3;}.kadence-column1230_828623-2c{position:relative;}@media all and (max-width: 1024px){.kadence-column1230_828623-2c > .kt-inside-inner-col{flex-direction:column;justify-content:center;}}@media all and (max-width: 767px){.kadence-column1230_828623-2c > .kt-inside-inner-col{flex-direction:column;justify-content:center;}}<\/style>\n<div class=\"wp-block-kadence-column kadence-column1230_828623-2c inner-column-2\"><div class=\"kt-inside-inner-col\"><\/div><\/div>\n\n<\/div><\/div>\n\n\n<p class=\"has-theme-palette-9-color has-theme-palette-4-background-color has-text-color has-background has-link-color wp-elements-a600caf088cfd9e9ec4414a0d25b2135\"><br><strong>Partnerstwo us\u0142ug finansowych w  bezpiecznych r\u0119kach.<\/strong><br><br>Zaufany partner w dziedzinie us\u0142ug ksi\u0119gowych, kadrowych i prawnych to gwarancja bezpiecznego biznesu.<br>Wybieraj\u0105c us\u0142ugi naszej firmy, macie Pa\u0144stwo mo\u017cliwo\u015b\u0107 dopasowania ka\u017cdej z nich do swoich potrzeb.<br>Dlatego zach\u0119camy do zapoznania si\u0119 z wybranymi us\u0142ugami wymienionymi poni\u017cej. O reszcie ch\u0119tnie porozmawiamy podczas wsp\u00f3lnego spotkania.<br><br><\/p>\n\n\n\n<p class=\"has-theme-palette-7-background-color has-background\"><strong><em>KSI\u0118GOWO\u015a\u0106<\/em><\/strong><br>Prowadzenie ksi\u0119gowo\u015bci dla dzia\u0142alno\u015bci gospodarczych, sp\u00f3\u0142ek i organizacji<br>Rozrachunki mi\u0119dzynarodowe<br>Wsparcie dzia\u0142\u00f3w ksi\u0119gowo\u015bci klient\u00f3w<br>Ksi\u0119gowo\u015b\u0107 dla firm zagranicznych lub obcokrajowc\u00f3w prowadz\u0105cych dzia\u0142alnos\u0107 w Polsce<br>Doradztwo ksi\u0119gowe, gospodarcze i podatkowe<br>Analizy finansowe<br>Rejestracja firm (KRS, CEiDG)<br>Sprawozdania finansowe<br><br><strong><em>KADRY<\/em><\/strong><br>Wsparcie dzia\u0142\u00f3w kadrowych klient\u00f3w<br>Doradztwo w zakresie kadr i p\u0142ac<br>Przygotowywanie dokumentacji kadrowej (regulaminy, o\u015bwiadczenia, za\u015bwiadczenia itp.)<br>Rozliczenia kadrowe<br>Prowadzenie rozlicze\u0144 z ZUS<br>Sporz\u0105dzanie rozlicze\u0144 PIT<br>Obs\u0142uga kontroli ZUS i PIP<br>Audyt personalny<br><br><strong><em>PRAWO<\/em><\/strong><br>Doradztwo prawno-podatkowe<br>Analizy prawne<br>Audyt podatkowy<br>Sporz\u0105dzanie opinii prawnych<br>Reprezentacja w post\u0119powaniu<br>Obs\u0142uga kontroli skarbowych<br>Interpretacje prawne<\/p>\n\n\n\n<p><\/p>\n","protected":false},"excerpt":{"rendered":"<p>Us\u0142ugi Partnerstwo us\u0142ug finansowych w bezpiecznych r\u0119kach. Zaufany partner w dziedzinie us\u0142ug ksi\u0119gowych, kadrowych i prawnych to gwarancja bezpiecznego biznesu.Wybieraj\u0105c us\u0142ugi naszej firmy, macie Pa\u0144stwo mo\u017cliwo\u015b\u0107 dopasowania ka\u017cdej z nich do swoich potrzeb.Dlatego zach\u0119camy do zapoznania si\u0119 z wybranymi us\u0142ugami wymienionymi poni\u017cej. O reszcie ch\u0119tnie porozmawiamy podczas wsp\u00f3lnego spotkania. KSI\u0118GOWO\u015a\u0106Prowadzenie ksi\u0119gowo\u015bci dla dzia\u0142alno\u015bci gospodarczych, sp\u00f3\u0142ek&#8230;<\/p>\n","protected":false},"author":1,"featured_media":1382,"parent":0,"menu_order":0,"comment_status":"closed","ping_status":"closed","template":"","meta":{"_kadence_starter_templates_imported_post":true,"_kad_post_transparent":"","_kad_post_title":"hide","_kad_post_layout":"fullwidth","_kad_post_sidebar_id":"","_kad_post_content_style":"unboxed","_kad_post_vertical_padding":"hide","_kad_post_feature":"hide","_kad_post_feature_position":"","_kad_post_header":false,"_kad_post_footer":false,"_kad_post_classname":"","footnotes":""},"class_list":["post-1230","page","type-page","status-publish","has-post-thumbnail","hentry"],"_links":{"self":[{"href":"https:\/\/teamlex.pl\/index.php\/wp-json\/wp\/v2\/pages\/1230","targetHints":{"allow":["GET"]}}],"collection":[{"href":"https:\/\/teamlex.pl\/index.php\/wp-json\/wp\/v2\/pages"}],"about":[{"href":"https:\/\/teamlex.pl\/index.php\/wp-json\/wp\/v2\/types\/page"}],"author":[{"embeddable":true,"href":"https:\/\/teamlex.pl\/index.php\/wp-json\/wp\/v2\/users\/1"}],"replies":[{"embeddable":true,"href":"https:\/\/teamlex.pl\/index.php\/wp-json\/wp\/v2\/comments?post=1230"}],"version-history":[{"count":8,"href":"https:\/\/teamlex.pl\/index.php\/wp-json\/wp\/v2\/pages\/1230\/revisions"}],"predecessor-version":[{"id":1467,"href":"https:\/\/teamlex.pl\/index.php\/wp-json\/wp\/v2\/pages\/1230\/revisions\/1467"}],"wp:featuredmedia":[{"embeddable":true,"href":"https:\/\/teamlex.pl\/index.php\/wp-json\/wp\/v2\/media\/1382"}],"wp:attachment":[{"href":"https:\/\/teamlex.pl\/index.php\/wp-json\/wp\/v2\/media?parent=1230"}],"curies":[{"name":"wp","href":"https:\/\/api.w.org\/{rel}","templated":true}]}}