{"id":1132,"date":"2021-03-15T11:21:16","date_gmt":"2021-03-15T11:21:16","guid":{"rendered":"https:\/\/startertemplatecloud.com\/g10\/?page_id=1132"},"modified":"2024-07-08T13:00:29","modified_gmt":"2024-07-08T13:00:29","slug":"kontakt","status":"publish","type":"page","link":"https:\/\/teamlex.pl\/index.php\/kontakt\/","title":{"rendered":"Kontakt"},"content":{"rendered":"<style>.kb-row-layout-wrap.wp-block-kadence-rowlayout.kb-row-layout-id1132_9eacd3-63{margin-top:0px;margin-bottom:0px;}.kb-row-layout-id1132_9eacd3-63 > .kt-row-column-wrap{align-content:end;}:where(.kb-row-layout-id1132_9eacd3-63 > .kt-row-column-wrap) > .wp-block-kadence-column{justify-content:end;}.kb-row-layout-id1132_9eacd3-63 > .kt-row-column-wrap{column-gap:var(--global-kb-gap-none, 0rem );row-gap:var(--global-kb-gap-none, 0rem );max-width:1242px;margin-left:auto;margin-right:auto;padding-top:0px;padding-right:0px;padding-bottom:0px;padding-left:0px;min-height:400px;grid-template-columns:repeat(2, minmax(0, 1fr));}.kb-row-layout-id1132_9eacd3-63{background-image:url('https:\/\/teamlex.pl\/wp-content\/uploads\/2023\/11\/kontakt-biurowiec.jpg');background-size:cover;background-position:62% 37%;background-attachment:scroll;background-repeat:no-repeat;}.kb-row-layout-id1132_9eacd3-63 > .kt-row-layout-overlay{opacity:1;background-color:rgba(30, 45, 64, 0.3);}@media all and (max-width: 1024px){.kb-row-layout-id1132_9eacd3-63 > .kt-row-column-wrap{padding-right:100px;padding-left:100px;grid-template-columns:repeat(2, minmax(0, 1fr));}}@media all and (max-width: 767px){.kb-row-layout-id1132_9eacd3-63 > .kt-row-column-wrap{padding-top:0px;padding-right:30px;padding-bottom:0px;padding-left:30px;grid-template-columns:minmax(0, 1fr);}.kb-row-layout-id1132_9eacd3-63 > .kt-row-column-wrap > .wp-block-kadence-column:nth-child(1 of *:not(style)){order:2;}.kb-row-layout-id1132_9eacd3-63 > .kt-row-column-wrap > .wp-block-kadence-column:nth-child(2 of *:not(style)){order:1;}.kb-row-layout-id1132_9eacd3-63 > .kt-row-column-wrap > .wp-block-kadence-column:nth-child(3 of *:not(style)){order:12;}.kb-row-layout-id1132_9eacd3-63 > .kt-row-column-wrap > .wp-block-kadence-column:nth-child(4 of *:not(style)){order:11;}.kb-row-layout-id1132_9eacd3-63 > .kt-row-column-wrap > .wp-block-kadence-column:nth-child(5 of *:not(style)){order:22;}.kb-row-layout-id1132_9eacd3-63 > .kt-row-column-wrap > .wp-block-kadence-column:nth-child(6 of *:not(style)){order:21;}.kb-row-layout-id1132_9eacd3-63 > .kt-row-column-wrap > .wp-block-kadence-column:nth-child(7 of *:not(style)){order:32;}.kb-row-layout-id1132_9eacd3-63 > .kt-row-column-wrap > .wp-block-kadence-column:nth-child(8 of *:not(style)){order:31;}}<\/style><div class=\"kb-row-layout-wrap kb-row-layout-id1132_9eacd3-63 alignnone has-theme-palette3-background-color kt-row-has-bg wp-block-kadence-rowlayout\"><div class=\"kt-row-layout-overlay kt-row-overlay-normal\"><\/div><div class=\"kt-row-column-wrap kt-has-2-columns kt-row-layout-equal kt-tab-layout-equal kt-mobile-layout-row kt-row-valign-bottom\">\n<style>.kadence-column1132_545ffb-43 > .kt-inside-inner-col{padding-top:0px;padding-right:0px;padding-bottom:0px;padding-left:30px;}.kadence-column1132_545ffb-43 > .kt-inside-inner-col,.kadence-column1132_545ffb-43 > .kt-inside-inner-col:before{border-top-left-radius:0px;border-top-right-radius:0px;border-bottom-right-radius:0px;border-bottom-left-radius:0px;}.kadence-column1132_545ffb-43 > .kt-inside-inner-col{column-gap:var(--global-kb-gap-sm, 1rem);}.kadence-column1132_545ffb-43 > .kt-inside-inner-col{flex-direction:column;}.kadence-column1132_545ffb-43 > .kt-inside-inner-col > .aligncenter{width:100%;}.kadence-column1132_545ffb-43 > .kt-inside-inner-col:before{opacity:0.3;}.kadence-column1132_545ffb-43{position:relative;}@media all and (max-width: 1024px){.kadence-column1132_545ffb-43 > .kt-inside-inner-col{flex-direction:column;justify-content:center;}}@media all and (max-width: 767px){.kadence-column1132_545ffb-43 > .kt-inside-inner-col{padding-top:0px;padding-right:0px;padding-bottom:0px;padding-left:0px;flex-direction:column;justify-content:center;}}<\/style>\n<div class=\"wp-block-kadence-column kadence-column1132_545ffb-43 inner-column-1\"><div class=\"kt-inside-inner-col\"><style>.wp-block-kadence-advancedheading.kt-adv-heading1132_f11291-22, .wp-block-kadence-advancedheading.kt-adv-heading1132_f11291-22[data-kb-block=\"kb-adv-heading1132_f11291-22\"]{padding-bottom:20px;line-height:65px;font-style:normal;}.wp-block-kadence-advancedheading.kt-adv-heading1132_f11291-22 mark.kt-highlight, .wp-block-kadence-advancedheading.kt-adv-heading1132_f11291-22[data-kb-block=\"kb-adv-heading1132_f11291-22\"] mark.kt-highlight{font-style:normal;color:#f76a0c;-webkit-box-decoration-break:clone;box-decoration-break:clone;padding-top:0px;padding-right:0px;padding-bottom:0px;padding-left:0px;}<\/style>\n<h1 class=\"kt-adv-heading1132_f11291-22 wp-block-kadence-advancedheading has-theme-palette-9-color has-text-color\" data-kb-block=\"kb-adv-heading1132_f11291-22\">Kontakt<\/h1>\n<\/div><\/div>\n\n\n<style>.kadence-column1132_368a76-7e > .kt-inside-inner-col,.kadence-column1132_368a76-7e > .kt-inside-inner-col:before{border-top-left-radius:0px;border-top-right-radius:0px;border-bottom-right-radius:0px;border-bottom-left-radius:0px;}.kadence-column1132_368a76-7e > .kt-inside-inner-col{column-gap:var(--global-kb-gap-sm, 1rem);}.kadence-column1132_368a76-7e > .kt-inside-inner-col{flex-direction:column;}.kadence-column1132_368a76-7e > .kt-inside-inner-col > .aligncenter{width:100%;}.kadence-column1132_368a76-7e > .kt-inside-inner-col:before{opacity:0.3;}.kadence-column1132_368a76-7e{position:relative;}@media all and (max-width: 1024px){.kadence-column1132_368a76-7e > .kt-inside-inner-col{flex-direction:column;justify-content:center;}}@media all and (max-width: 767px){.kadence-column1132_368a76-7e > .kt-inside-inner-col{flex-direction:column;justify-content:center;}}<\/style>\n<div class=\"wp-block-kadence-column kadence-column1132_368a76-7e inner-column-2\"><div class=\"kt-inside-inner-col\"><\/div><\/div>\n\n<\/div><\/div>\n\n<style>.kb-row-layout-wrap.wp-block-kadence-rowlayout.kb-row-layout-id1132_39d067-57{margin-top:0px;margin-bottom:0px;}.kb-row-layout-id1132_39d067-57 > .kt-row-column-wrap{align-content:start;}:where(.kb-row-layout-id1132_39d067-57 > .kt-row-column-wrap) > .wp-block-kadence-column{justify-content:start;}.kb-row-layout-id1132_39d067-57 > .kt-row-column-wrap{column-gap:var(--global-kb-gap-none, 0rem );row-gap:var(--global-kb-gap-none, 0rem );max-width:1242px;margin-left:auto;margin-right:auto;padding-top:0px;padding-right:0px;padding-bottom:60px;padding-left:0px;grid-template-columns:repeat(2, minmax(0, 1fr));}.kb-row-layout-id1132_39d067-57 > .kt-row-layout-overlay{opacity:0.30;}@media all and (max-width: 1024px){.kb-row-layout-wrap.wp-block-kadence-rowlayout.kb-row-layout-id1132_39d067-57{margin-top:60px;margin-bottom:0px;}}@media all and (max-width: 1024px){.kb-row-layout-id1132_39d067-57 > .kt-row-column-wrap{padding-top:0px;padding-right:100px;padding-bottom:0px;padding-left:100px;grid-template-columns:minmax(0, 1fr);}}@media all and (max-width: 767px){.kb-row-layout-wrap.wp-block-kadence-rowlayout.kb-row-layout-id1132_39d067-57{margin-top:60px;margin-bottom:0px;}.kb-row-layout-id1132_39d067-57 > .kt-row-column-wrap{padding-right:30px;padding-left:30px;grid-template-columns:minmax(0, 1fr);}}<\/style><div class=\"kb-row-layout-wrap kb-row-layout-id1132_39d067-57 alignnone wp-block-kadence-rowlayout\"><div class=\"kt-row-column-wrap kt-has-2-columns kt-row-layout-equal kt-tab-layout-row kt-mobile-layout-row kt-row-valign-top\">\n<style>.kadence-column1132_215093-7b > .kt-inside-inner-col{padding-top:60px;padding-right:40px;padding-bottom:40px;padding-left:40px;}.kadence-column1132_215093-7b > .kt-inside-inner-col,.kadence-column1132_215093-7b > .kt-inside-inner-col:before{border-top-left-radius:0px;border-top-right-radius:0px;border-bottom-right-radius:0px;border-bottom-left-radius:0px;}.kadence-column1132_215093-7b > .kt-inside-inner-col{column-gap:var(--global-kb-gap-sm, 1rem);}.kadence-column1132_215093-7b > .kt-inside-inner-col{flex-direction:column;}.kadence-column1132_215093-7b > .kt-inside-inner-col > .aligncenter{width:100%;}.kadence-column1132_215093-7b > .kt-inside-inner-col:before{opacity:0.3;}.kadence-column1132_215093-7b{position:relative;}@media all and (max-width: 1024px){.kadence-column1132_215093-7b > .kt-inside-inner-col{flex-direction:column;justify-content:center;}}@media all and (max-width: 767px){.kadence-column1132_215093-7b > .kt-inside-inner-col{padding-top:0px;padding-right:0px;padding-bottom:0px;padding-left:0px;flex-direction:column;justify-content:center;}.kadence-column1132_215093-7b, .kt-inside-inner-col > .kadence-column1132_215093-7b:not(.specificity){margin-top:0px;margin-right:0px;margin-bottom:0px;margin-left:0px;}}<\/style>\n<div class=\"wp-block-kadence-column kadence-column1132_215093-7b inner-column-1\"><div class=\"kt-inside-inner-col\">\n<p class=\"has--font-size\">Nasza firma mie\u015bci si\u0119 w stolicy Wielkopolski, jednak \u015bwiadczymy us\u0142ugi na terenie ca\u0142ego kraju, a tak\u017ce w rozliczeniach mi\u0119dzynarodowych.<\/p>\n\n\n<style>.wp-block-kadence-advancedheading.kt-adv-heading1132_a778be-04, .wp-block-kadence-advancedheading.kt-adv-heading1132_a778be-04[data-kb-block=\"kb-adv-heading1132_a778be-04\"]{font-style:normal;}.wp-block-kadence-advancedheading.kt-adv-heading1132_a778be-04 mark.kt-highlight, .wp-block-kadence-advancedheading.kt-adv-heading1132_a778be-04[data-kb-block=\"kb-adv-heading1132_a778be-04\"] mark.kt-highlight{font-style:normal;color:#f76a0c;-webkit-box-decoration-break:clone;box-decoration-break:clone;padding-top:0px;padding-right:0px;padding-bottom:0px;padding-left:0px;}<\/style>\n<p class=\"kt-adv-heading1132_a778be-04 wp-block-kadence-advancedheading\" data-kb-block=\"kb-adv-heading1132_a778be-04\"><strong><em>Bran\u017cowy Zesp\u00f3\u0142 Rozliczeniowy Teamlex Sp. z o.o.<\/em><\/strong><br>ul. Marceli\u0144ska 92<br>60-324 Pozna\u0144<\/p>\n\n\n\n<p><a href=\"mailto:info@teamlex.pl\" target=\"_blank\" rel=\"noreferrer noopener\">info@teamlex.pl<\/a><\/p>\n\n\n<style>.wp-block-kadence-advancedheading.kt-adv-heading1132_4486ba-84, .wp-block-kadence-advancedheading.kt-adv-heading1132_4486ba-84[data-kb-block=\"kb-adv-heading1132_4486ba-84\"]{font-style:normal;}.wp-block-kadence-advancedheading.kt-adv-heading1132_4486ba-84 mark.kt-highlight, .wp-block-kadence-advancedheading.kt-adv-heading1132_4486ba-84[data-kb-block=\"kb-adv-heading1132_4486ba-84\"] mark.kt-highlight{font-style:normal;color:#f76a0c;-webkit-box-decoration-break:clone;box-decoration-break:clone;padding-top:0px;padding-right:0px;padding-bottom:0px;padding-left:0px;}<\/style>\n<p class=\"kt-adv-heading1132_4486ba-84 wp-block-kadence-advancedheading\" data-kb-block=\"kb-adv-heading1132_4486ba-84\">NIP: 7792419757<br>KRS: 0000496477<\/p>\n<\/div><\/div>\n\n\n<style>.kadence-column1132_286ce2-8e > .kt-inside-inner-col{padding-top:40px;padding-right:40px;padding-bottom:20px;padding-left:40px;}.kadence-column1132_286ce2-8e > .kt-inside-inner-col,.kadence-column1132_286ce2-8e > .kt-inside-inner-col:before{border-top-left-radius:3px;border-top-right-radius:3px;border-bottom-right-radius:3px;border-bottom-left-radius:3px;}.kadence-column1132_286ce2-8e > .kt-inside-inner-col{column-gap:var(--global-kb-gap-sm, 1rem);}.kadence-column1132_286ce2-8e > .kt-inside-inner-col{flex-direction:column;}.kadence-column1132_286ce2-8e > .kt-inside-inner-col > .aligncenter{width:100%;}.kadence-column1132_286ce2-8e > .kt-inside-inner-col{background-color:var(--global-palette7, #EDF2F7);}.kadence-column1132_286ce2-8e > .kt-inside-inner-col:before{opacity:0.3;}.kadence-column1132_286ce2-8e{position:relative;}.kadence-column1132_286ce2-8e, .kt-inside-inner-col > .kadence-column1132_286ce2-8e:not(.specificity){margin-top:-200px;margin-right:30px;margin-bottom:0px;margin-left:30px;}@media all and (max-width: 1024px){.kadence-column1132_286ce2-8e > .kt-inside-inner-col{padding-top:40px;padding-right:30px;padding-bottom:40px;padding-left:30px;flex-direction:column;justify-content:center;}}@media all and (max-width: 1024px){.kadence-column1132_286ce2-8e, .kt-inside-inner-col > .kadence-column1132_286ce2-8e:not(.specificity){margin-top:30px;margin-right:0px;margin-bottom:40px;margin-left:0px;}}@media all and (max-width: 767px){.kadence-column1132_286ce2-8e > .kt-inside-inner-col{padding-top:30px;padding-right:20px;padding-bottom:20px;padding-left:20px;flex-direction:column;justify-content:center;}}<\/style>\n<div class=\"wp-block-kadence-column kadence-column1132_286ce2-8e\"><div class=\"kt-inside-inner-col\"><style>.wp-block-kadence-advancedheading.kt-adv-heading1132_7f4388-06, .wp-block-kadence-advancedheading.kt-adv-heading1132_7f4388-06[data-kb-block=\"kb-adv-heading1132_7f4388-06\"]{padding-bottom:20px;margin-bottom:12px;line-height:24px;font-style:normal;}.wp-block-kadence-advancedheading.kt-adv-heading1132_7f4388-06 mark.kt-highlight, .wp-block-kadence-advancedheading.kt-adv-heading1132_7f4388-06[data-kb-block=\"kb-adv-heading1132_7f4388-06\"] mark.kt-highlight{font-style:normal;color:#f76a0c;-webkit-box-decoration-break:clone;box-decoration-break:clone;padding-top:0px;padding-right:0px;padding-bottom:0px;padding-left:0px;}<\/style>\n<h3 class=\"kt-adv-heading1132_7f4388-06 wp-block-kadence-advancedheading\" data-kb-block=\"kb-adv-heading1132_7f4388-06\">Skontaktuj si\u0119 z nami<\/h3>\n\n\n<style>.wp-block-kadence-advancedheading.kt-adv-heading1132_3f374f-e2, .wp-block-kadence-advancedheading.kt-adv-heading1132_3f374f-e2[data-kb-block=\"kb-adv-heading1132_3f374f-e2\"]{margin-bottom:40px;line-height:31px;font-style:normal;}.wp-block-kadence-advancedheading.kt-adv-heading1132_3f374f-e2 mark.kt-highlight, .wp-block-kadence-advancedheading.kt-adv-heading1132_3f374f-e2[data-kb-block=\"kb-adv-heading1132_3f374f-e2\"] mark.kt-highlight{font-style:normal;color:#f76a0c;-webkit-box-decoration-break:clone;box-decoration-break:clone;padding-top:0px;padding-right:0px;padding-bottom:0px;padding-left:0px;}<\/style>\n<p class=\"kt-adv-heading1132_3f374f-e2 wp-block-kadence-advancedheading\" data-kb-block=\"kb-adv-heading1132_3f374f-e2\">Wype\u0142nij poni\u017cszy formularz, a my z ch\u0119ci\u0105 skontaktujemy si\u0119 z Tob\u0105 w najkr\u00f3tszym, mo\u017cliwym terminie. <\/p>\n\n\n<style>.wp-block-kadence-form.kadence-form-1132_dcd456-8d.kb-form-wrap{margin-bottom:20px;}.kadence-form-1132_dcd456-8d .kb-form .kadence-blocks-form-field{padding-right:10px;padding-left:10px;}.kadence-form-1132_dcd456-8d .kb-form{margin-right:-10px;margin-left:-10px;}.kadence-form-1132_dcd456-8d .kb-form .kadence-blocks-form-field .kb-text-style-field, .kadence-form-1132_dcd456-8d .kb-form .kadence-blocks-form-field .kb-select-style-field{color:var(--global-palette4, #2D3748);background:var(--global-palette9, #ffffff);border-color:var(--global-palette7, #EDF2F7);}.kadence-form-1132_dcd456-8d .kb-form .kadence-blocks-form-field .kb-text-style-field:focus, .kadence-form-1132_dcd456-8d .kb-form .kadence-blocks-form-field .kb-select-style-field:focus{color:var(--global-palette3, #1A202C);border-color:var(--global-palette6, #718096);background:var(--global-palette9, #ffffff);}.kadence-form-1132_dcd456-8d .kb-form .kadence-blocks-form-field > label{font-weight:bold;}.kb-form input.kadence-blocks-field.verify{opacity:0.0;position:absolute;top:0.0;left:0.0;width:0.0;height:0.0;z-index:-1;}<\/style>\n<div class=\"wp-block-kadence-form kadence-form-1132_dcd456-8d kb-form-wrap kb-form-align-left\"><form class=\"kb-form\" action=\"\" method=\"post\" data-error-message=\"Wprowad\u017a poprawne dane, przed wysy\u0142k\u0105.\"><div class=\"kadence-blocks-form-field kb-field-desk-width-50 kb-field-tablet-width-50 kb-field-mobile-width-100 kb-input-size-standard\"><label for=\"kb_field_1132_dcd456-8d_0\">Imi\u0119 i Nazwisko<span class=\"required\">*<\/span><\/label><input name=\"kb_field_0\" id=\"kb_field_1132_dcd456-8d_0\" data-label=\"Imi\u0119 i Nazwisko\" type=\"text\" placeholder=\"\" value=\"\" data-type=\"text\" class=\"kb-field kb-text-style-field kb-text-field kb-field-0\" data-required=\"yes\"\/><\/div><div class=\"kadence-blocks-form-field kb-form-field-1 kb-field-desk-width-50 kb-field-tablet-width-50 kb-field-mobile-width-100 kb-input-size-standard\"><label for=\"kb_field_1132_dcd456-8d_1\">Email<span class=\"required\">*<\/span><\/label><input name=\"kb_field_1\" id=\"kb_field_1132_dcd456-8d_1\" data-label=\"Email\" type=\"email\" placeholder=\"\" value=\"\" data-type=\"email\" class=\"kb-field kb-text-style-field kb-email-field kb-field-1\" data-required=\"yes\"\/><\/div><div class=\"kadence-blocks-form-field kb-form-field-2 kb-field-desk-width-50 kb-field-tablet-width-50 kb-field-mobile-width-100 kb-input-size-standard\"><label for=\"kb_field_1132_dcd456-8d_2\">Nazwa firmy\/organizacji<span class=\"required\">*<\/span><\/label><input name=\"kb_field_2\" id=\"kb_field_1132_dcd456-8d_2\" data-label=\"Nazwa firmy\/organizacji\" type=\"text\" placeholder=\"\" value=\"\" data-type=\"text\" class=\"kb-field kb-text-style-field kb-text-field kb-field-2\" data-required=\"yes\"\/><\/div><div class=\"kadence-blocks-form-field kb-form-field-3 kb-field-desk-width-100 kb-input-size-standard\"><label for=\"kb_field_1132_dcd456-8d_3\">Tre\u015b\u0107 wiadomo\u015bci<\/label><textarea name=\"kb_field_3\" id=\"kb_field_1132_dcd456-8d_3\" data-label=\"Tre\u015b\u0107 wiadomo\u015bci\" type=\"textarea\" placeholder=\"\" data-type=\"textarea\" class=\"kb-field kb-text-style-field kb-textarea-field kb-field-3\" rows=\"4\"><\/textarea><\/div><input type=\"hidden\" name=\"_kb_form_id\" value=\"1132_dcd456-8d\"\/><input type=\"hidden\" name=\"_kb_form_post_id\" value=\"1132\"\/><input type=\"hidden\" name=\"action\" value=\"kb_process_ajax_submit\"\/><input type=\"hidden\" name=\"recaptcha_response\" class=\"kb_recaptcha_response kb_recaptcha_1132_dcd456-8d\"\/><label class=\"kadence-verify-label\">Email<input class=\"kadence-blocks-field verify\" type=\"text\" name=\"_kb_verify_email\" autocomplete=\"new-password\" aria-hidden=\"true\" placeholder=\"Email\" tabindex=\"-1\" data-1p-ignore=\"true\" data-lpignore=\"true\" \/><\/label><div class=\"kadence-blocks-form-field kb-submit-field kb-field-desk-width-100\"><button class=\"kb-forms-submit button kb-button-size-standard kb-button-width-full\">Wy\u015blij<\/button><\/div><\/form><\/div>\n<noscript><div class=\"kadence-blocks-form-message kadence-blocks-form-warning\">Aby przes\u0142a\u0107 formularz, w\u0142\u0105cz obs\u0142ug\u0119 JavaScript w przegl\u0105darce<\/div><style>.kadence-form-1132_dcd456-8d .kadence-blocks-form-field.kb-submit-field { display: none; }<\/style><\/noscript><\/div><\/div>\n\n<\/div><\/div>\n\n<style>.kb-row-layout-wrap.wp-block-kadence-rowlayout.kb-row-layout-id1132_1e1926-73{margin-top:0px;margin-bottom:0px;}.kb-row-layout-id1132_1e1926-73 > .kt-row-column-wrap{align-content:start;}:where(.kb-row-layout-id1132_1e1926-73 > .kt-row-column-wrap) > .wp-block-kadence-column{justify-content:start;}.kb-row-layout-id1132_1e1926-73 > .kt-row-column-wrap{column-gap:var(--global-kb-gap-none, 0rem );row-gap:var(--global-kb-gap-none, 0rem );max-width:2000px;margin-left:auto;margin-right:auto;padding-top:0px;padding-right:0px;padding-bottom:0px;padding-left:0px;grid-template-columns:minmax(0, 1fr);}.kb-row-layout-id1132_1e1926-73{background-color:#1e2d40;}.kb-row-layout-id1132_1e1926-73 > .kt-row-layout-overlay{opacity:0.97;background-image:url('https:\/\/startertemplatecloud.com\/g10\/wp-content\/uploads\/sites\/5\/2021\/01\/wave_tr_bg.png');background-size:auto;background-position:center center;background-attachment:scroll;background-repeat:repeat;}@media all and (max-width: 1024px){.kb-row-layout-id1132_1e1926-73 > .kt-row-column-wrap{grid-template-columns:minmax(0, 1fr);}}@media all and (max-width: 767px){.kb-row-layout-id1132_1e1926-73 > .kt-row-column-wrap{grid-template-columns:minmax(0, 1fr);}}<\/style><div class=\"kb-row-layout-wrap kb-row-layout-id1132_1e1926-73 alignfull kt-row-has-bg wp-block-kadence-rowlayout\"><div class=\"kt-row-layout-overlay kt-row-overlay-normal\"><\/div><div class=\"kt-row-column-wrap kt-has-1-columns kt-row-layout-equal kt-tab-layout-inherit kt-mobile-layout-row kt-row-valign-top\">\n<style>.kadence-column1132_29aab9-fe > .kt-inside-inner-col,.kadence-column1132_29aab9-fe > .kt-inside-inner-col:before{border-top-left-radius:0px;border-top-right-radius:0px;border-bottom-right-radius:0px;border-bottom-left-radius:0px;}.kadence-column1132_29aab9-fe > .kt-inside-inner-col{column-gap:var(--global-kb-gap-sm, 1rem);}.kadence-column1132_29aab9-fe > .kt-inside-inner-col{flex-direction:column;}.kadence-column1132_29aab9-fe > .kt-inside-inner-col > .aligncenter{width:100%;}.kadence-column1132_29aab9-fe > .kt-inside-inner-col:before{opacity:0.3;}.kadence-column1132_29aab9-fe{position:relative;}@media all and (max-width: 1024px){.kadence-column1132_29aab9-fe > .kt-inside-inner-col{flex-direction:column;justify-content:center;}}@media all and (max-width: 767px){.kadence-column1132_29aab9-fe > .kt-inside-inner-col{flex-direction:column;justify-content:center;}}<\/style>\n<div class=\"wp-block-kadence-column kadence-column1132_29aab9-fe\"><div class=\"kt-inside-inner-col\"><\/div><\/div>\n\n<\/div><\/div>","protected":false},"excerpt":{"rendered":"<p>Kontakt Nasza firma mie\u015bci si\u0119 w stolicy Wielkopolski, jednak \u015bwiadczymy us\u0142ugi na terenie ca\u0142ego kraju, a tak\u017ce w rozliczeniach mi\u0119dzynarodowych. Bran\u017cowy Zesp\u00f3\u0142 Rozliczeniowy Teamlex Sp. z o.o.ul. Marceli\u0144ska 9260-324 Pozna\u0144 info@teamlex.pl NIP: 7792419757KRS: 0000496477 Skontaktuj si\u0119 z nami Wype\u0142nij poni\u017cszy formularz, a my z ch\u0119ci\u0105 skontaktujemy si\u0119 z Tob\u0105 w najkr\u00f3tszym, mo\u017cliwym terminie.<\/p>\n","protected":false},"author":1,"featured_media":1379,"parent":0,"menu_order":0,"comment_status":"closed","ping_status":"closed","template":"","meta":{"_kadence_starter_templates_imported_post":true,"_kad_post_transparent":"","_kad_post_title":"hide","_kad_post_layout":"fullwidth","_kad_post_sidebar_id":"","_kad_post_content_style":"unboxed","_kad_post_vertical_padding":"hide","_kad_post_feature":"hide","_kad_post_feature_position":"","_kad_post_header":false,"_kad_post_footer":false,"_kad_post_classname":"","footnotes":""},"class_list":["post-1132","page","type-page","status-publish","has-post-thumbnail","hentry"],"_links":{"self":[{"href":"https:\/\/teamlex.pl\/index.php\/wp-json\/wp\/v2\/pages\/1132","targetHints":{"allow":["GET"]}}],"collection":[{"href":"https:\/\/teamlex.pl\/index.php\/wp-json\/wp\/v2\/pages"}],"about":[{"href":"https:\/\/teamlex.pl\/index.php\/wp-json\/wp\/v2\/types\/page"}],"author":[{"embeddable":true,"href":"https:\/\/teamlex.pl\/index.php\/wp-json\/wp\/v2\/users\/1"}],"replies":[{"embeddable":true,"href":"https:\/\/teamlex.pl\/index.php\/wp-json\/wp\/v2\/comments?post=1132"}],"version-history":[{"count":6,"href":"https:\/\/teamlex.pl\/index.php\/wp-json\/wp\/v2\/pages\/1132\/revisions"}],"predecessor-version":[{"id":1474,"href":"https:\/\/teamlex.pl\/index.php\/wp-json\/wp\/v2\/pages\/1132\/revisions\/1474"}],"wp:featuredmedia":[{"embeddable":true,"href":"https:\/\/teamlex.pl\/index.php\/wp-json\/wp\/v2\/media\/1379"}],"wp:attachment":[{"href":"https:\/\/teamlex.pl\/index.php\/wp-json\/wp\/v2\/media?parent=1132"}],"curies":[{"name":"wp","href":"https:\/\/api.w.org\/{rel}","templated":true}]}}